{"id":164,"date":"2021-01-18T18:42:59","date_gmt":"2021-01-18T18:42:59","guid":{"rendered":"https:\/\/deena-unverzagt.de\/?page_id=164"},"modified":"2025-08-29T14:30:30","modified_gmt":"2025-08-29T14:30:30","slug":"film-tv","status":"publish","type":"page","link":"https:\/\/deena-unverzagt.de\/?page_id=164","title":{"rendered":"FILM | TV | STREAMING"},"content":{"rendered":"\n<p><\/p>\n\n\n\n<div class=\"is-layout-flex wp-container-7 wp-block-columns\">\n<div class=\"is-layout-flow wp-block-column\" style=\"flex-basis:33.33%\"><div class=\"wp-block-image\">\n<figure class=\"alignleft size-full is-resized\"><img decoding=\"async\" loading=\"lazy\" src=\"https:\/\/deena-unverzagt.de\/wp-content\/uploads\/2022\/04\/IMG_0323.jpg\" alt=\"\" class=\"wp-image-441\" width=\"343\" height=\"515\" srcset=\"https:\/\/deena-unverzagt.de\/wp-content\/uploads\/2022\/04\/IMG_0323.jpg 640w, https:\/\/deena-unverzagt.de\/wp-content\/uploads\/2022\/04\/IMG_0323-200x300.jpg 200w\" sizes=\"(max-width: 343px) 100vw, 343px\" \/><figcaption class=\"wp-element-caption\">As \u201cMaddie in \u201cWinnie Pooh- Blood and Thunder\u201c<\/figcaption><\/figure><\/div>\n\n<div class=\"wp-block-image\">\n<figure class=\"alignleft size-large is-resized\"><img decoding=\"async\" loading=\"lazy\" src=\"https:\/\/deena-unverzagt.de\/wp-content\/uploads\/2022\/04\/Me-too-2-768x1024.jpg\" alt=\"\" class=\"wp-image-442\" width=\"343\" height=\"457\" srcset=\"https:\/\/deena-unverzagt.de\/wp-content\/uploads\/2022\/04\/Me-too-2-768x1024.jpg 768w, https:\/\/deena-unverzagt.de\/wp-content\/uploads\/2022\/04\/Me-too-2-225x300.jpg 225w, https:\/\/deena-unverzagt.de\/wp-content\/uploads\/2022\/04\/Me-too-2-1152x1536.jpg 1152w, https:\/\/deena-unverzagt.de\/wp-content\/uploads\/2022\/04\/Me-too-2-1536x2048.jpg 1536w, https:\/\/deena-unverzagt.de\/wp-content\/uploads\/2022\/04\/Me-too-2-1600x2133.jpg 1600w, https:\/\/deena-unverzagt.de\/wp-content\/uploads\/2022\/04\/Me-too-2-scaled.jpg 1920w\" sizes=\"(max-width: 343px) 100vw, 343px\" \/><figcaption class=\"wp-element-caption\">As \u201cClara Meisner\u201c in \u201c Me too\u201c<\/figcaption><\/figure><\/div>\n\n<div class=\"wp-block-image\">\n<figure class=\"alignleft size-large is-resized\"><img decoding=\"async\" loading=\"lazy\" src=\"https:\/\/deena-unverzagt.de\/wp-content\/uploads\/2021\/01\/IMG_20201018_131221-1.png\" alt=\"\" class=\"wp-image-267\" width=\"342\" height=\"456\" srcset=\"https:\/\/deena-unverzagt.de\/wp-content\/uploads\/2021\/01\/IMG_20201018_131221-1.png 436w, https:\/\/deena-unverzagt.de\/wp-content\/uploads\/2021\/01\/IMG_20201018_131221-1-225x300.png 225w\" sizes=\"(max-width: 342px) 100vw, 342px\" \/><figcaption class=\"wp-element-caption\">As \u201cMary Fitz-James\u201c in \u201cThe White Veil\u201c<\/figcaption><\/figure><\/div>\n\n<div class=\"wp-block-image\">\n<figure class=\"alignleft size-large is-resized\"><img decoding=\"async\" loading=\"lazy\" src=\"https:\/\/deena-unverzagt.de\/wp-content\/uploads\/2022\/04\/BF37C1DE-34E9-4613-B393-BFD755008D73-683x1024.png\" alt=\"\" class=\"wp-image-444\" width=\"345\" height=\"517\" srcset=\"https:\/\/deena-unverzagt.de\/wp-content\/uploads\/2022\/04\/BF37C1DE-34E9-4613-B393-BFD755008D73-683x1024.png 683w, https:\/\/deena-unverzagt.de\/wp-content\/uploads\/2022\/04\/BF37C1DE-34E9-4613-B393-BFD755008D73-200x300.png 200w, https:\/\/deena-unverzagt.de\/wp-content\/uploads\/2022\/04\/BF37C1DE-34E9-4613-B393-BFD755008D73-768x1152.png 768w, https:\/\/deena-unverzagt.de\/wp-content\/uploads\/2022\/04\/BF37C1DE-34E9-4613-B393-BFD755008D73-1024x1536.png 1024w, https:\/\/deena-unverzagt.de\/wp-content\/uploads\/2022\/04\/BF37C1DE-34E9-4613-B393-BFD755008D73-1365x2048.png 1365w, https:\/\/deena-unverzagt.de\/wp-content\/uploads\/2022\/04\/BF37C1DE-34E9-4613-B393-BFD755008D73-1600x2400.png 1600w\" sizes=\"(max-width: 345px) 100vw, 345px\" \/><\/figure><\/div>\n\n<div class=\"wp-block-image\">\n<figure class=\"alignleft size-large is-resized\"><img decoding=\"async\" loading=\"lazy\" src=\"https:\/\/deena-unverzagt.de\/wp-content\/uploads\/2022\/04\/FA10CCC2-808C-4330-976F-4E38B8A6AD9B-663x1024.png\" alt=\"\" class=\"wp-image-443\" width=\"345\" height=\"532\" srcset=\"https:\/\/deena-unverzagt.de\/wp-content\/uploads\/2022\/04\/FA10CCC2-808C-4330-976F-4E38B8A6AD9B-663x1024.png 663w, https:\/\/deena-unverzagt.de\/wp-content\/uploads\/2022\/04\/FA10CCC2-808C-4330-976F-4E38B8A6AD9B-194x300.png 194w, https:\/\/deena-unverzagt.de\/wp-content\/uploads\/2022\/04\/FA10CCC2-808C-4330-976F-4E38B8A6AD9B-768x1187.png 768w, https:\/\/deena-unverzagt.de\/wp-content\/uploads\/2022\/04\/FA10CCC2-808C-4330-976F-4E38B8A6AD9B-994x1536.png 994w, https:\/\/deena-unverzagt.de\/wp-content\/uploads\/2022\/04\/FA10CCC2-808C-4330-976F-4E38B8A6AD9B-1325x2048.png 1325w, https:\/\/deena-unverzagt.de\/wp-content\/uploads\/2022\/04\/FA10CCC2-808C-4330-976F-4E38B8A6AD9B-1600x2473.png 1600w\" sizes=\"(max-width: 345px) 100vw, 345px\" \/><\/figure><\/div>\n\n<div class=\"wp-block-image\">\n<figure class=\"alignleft size-large is-resized\"><img decoding=\"async\" loading=\"lazy\" src=\"https:\/\/deena-unverzagt.de\/wp-content\/uploads\/2021\/01\/Bivalent-RGB-724x1024.jpg\" alt=\"\" class=\"wp-image-218\" width=\"345\" height=\"487\" srcset=\"https:\/\/deena-unverzagt.de\/wp-content\/uploads\/2021\/01\/Bivalent-RGB-724x1024.jpg 724w, https:\/\/deena-unverzagt.de\/wp-content\/uploads\/2021\/01\/Bivalent-RGB-212x300.jpg 212w, https:\/\/deena-unverzagt.de\/wp-content\/uploads\/2021\/01\/Bivalent-RGB-768x1086.jpg 768w, https:\/\/deena-unverzagt.de\/wp-content\/uploads\/2021\/01\/Bivalent-RGB-1086x1536.jpg 1086w, https:\/\/deena-unverzagt.de\/wp-content\/uploads\/2021\/01\/Bivalent-RGB.jpg 1240w\" sizes=\"(max-width: 345px) 100vw, 345px\" \/><\/figure><\/div><\/div>\n\n\n\n<div class=\"is-layout-flow wp-block-column\" style=\"flex-basis:66.66%\">\n<div class=\"is-layout-flow wp-block-group alignwide\"><div class=\"wp-block-group__inner-container\">\n<div class=\"is-layout-flex wp-container-4 wp-block-columns\">\n<div class=\"is-layout-flow wp-block-column\" style=\"flex-basis:100%\">\n<div class=\"is-layout-flow wp-block-group\"><div class=\"wp-block-group__inner-container\">\n<figure class=\"wp-block-table alignwide is-style-regular\"><table><thead><tr><th class=\"has-text-align-left\" data-align=\"left\">YEAR <\/th><th class=\"has-text-align-left\" data-align=\"left\">PRODUCTION<\/th><th class=\"has-text-align-left\" data-align=\"left\">ROLE<\/th><th class=\"has-text-align-left\" data-align=\"left\">DIRECTOR<\/th><\/tr><\/thead><tbody><tr><td class=\"has-text-align-left\" data-align=\"left\">2025<\/td><td class=\"has-text-align-left\" data-align=\"left\"><strong>DARK DILEMMA<\/strong><br>Short Film (Animated)<\/td><td class=\"has-text-align-left\" data-align=\"left\">Die Frau<\/td><td class=\"has-text-align-left\" data-align=\"left\">Christian Fernandez Larrere<\/td><\/tr><tr><td class=\"has-text-align-left\" data-align=\"left\">2024<\/td><td class=\"has-text-align-left\" data-align=\"left\"><strong>GAME OF DEATH &#8211; THE SIX DOORS TO HELL<\/strong><br>Feature film (English)       <br>KDM | 5 Art Media | Nando Rohner Film <\/td><td class=\"has-text-align-left\" data-align=\"left\">V<\/td><td class=\"has-text-align-left\" data-align=\"left\">Timo Rose<\/td><\/tr><tr><td class=\"has-text-align-left\" data-align=\"left\">2023<\/td><td class=\"has-text-align-left\" data-align=\"left\"><strong>IN WAHRHEIT- ZWISCHEN RECHT UND GERECHTIGKEIT<\/strong><br>TV Movie (German)<br>Network Movie I ZDF<\/td><td class=\"has-text-align-left\" data-align=\"left\">News Anchor<\/td><td class=\"has-text-align-left\" data-align=\"left\">Kirsten Laser<\/td><\/tr><tr><td class=\"has-text-align-left\" data-align=\"left\">2023<\/td><td class=\"has-text-align-left\" data-align=\"left\"><strong>WINNIE THE POOH-MASTER OF PUPPETS<\/strong><br>Feature film (English)       <br>Level 77 | 5 Art Media                                    <\/td><td class=\"has-text-align-left\" data-align=\"left\">Maddie<\/td><td class=\"has-text-align-left\" data-align=\"left\">Timo Rose<\/td><\/tr><tr><td class=\"has-text-align-left\" data-align=\"left\">2023<\/td><td class=\"has-text-align-left\" data-align=\"left\"><strong>YOU\u2018RE EARLY<\/strong><br>Short film (English)<br>Be a Star Productions<\/td><td class=\"has-text-align-left\" data-align=\"left\">Selene<\/td><td class=\"has-text-align-left\" data-align=\"left\">Felix Wollner<\/td><\/tr><tr><td class=\"has-text-align-left\" data-align=\"left\">2022<\/td><td class=\"has-text-align-left\" data-align=\"left\"><strong>WESTAND FOR UKRAINE<\/strong><br>Charity TV Event<br>Motion in Pix | TV 38<\/td><td class=\"has-text-align-left\" data-align=\"left\">Host<\/td><td class=\"has-text-align-left\" data-align=\"left\">Marvin Reepschlaeger<\/td><\/tr><tr><td class=\"has-text-align-left\" data-align=\"left\">2022-<br>2023<\/td><td class=\"has-text-align-left\" data-align=\"left\"><strong>WHISTLEBLOWER<\/strong><br>Short film (English)<br>5 Art Media | Loopy Media | Ledtje Unlimited<\/td><td class=\"has-text-align-left\" data-align=\"left\">Lisa Harris<\/td><td class=\"has-text-align-left\" data-align=\"left\">Deena Unverzagt<\/td><\/tr><tr><td class=\"has-text-align-left\" data-align=\"left\">2022<\/td><td class=\"has-text-align-left\" data-align=\"left\"><strong>ME TOO<\/strong><br>Short film (German)<br>Wellborn Productions<\/td><td class=\"has-text-align-left\" data-align=\"left\">Clara Meisner<\/td><td class=\"has-text-align-left\" data-align=\"left\">Jana Wellborn<\/td><\/tr><tr><td class=\"has-text-align-left\" data-align=\"left\">2021<\/td><td class=\"has-text-align-left\" data-align=\"left\"><strong>REMOTE<\/strong><br>Web series (English)<br>5 Art Media<\/td><td class=\"has-text-align-left\" data-align=\"left\">Jenna<\/td><td class=\"has-text-align-left\" data-align=\"left\">Anne van Hudge<\/td><\/tr><tr><td class=\"has-text-align-left\" data-align=\"left\">2021-2022<\/td><td class=\"has-text-align-left\" data-align=\"left\"><strong>THIN EDGE OF THE WEGDE<\/strong><br>Monologue Project<br>5 Art Media | Miller Mosaic<\/td><td class=\"has-text-align-left\" data-align=\"left\">Judith<\/td><td class=\"has-text-align-left\" data-align=\"left\">Deena Unverzagt<\/td><\/tr><tr><td class=\"has-text-align-left\" data-align=\"left\">2019<\/td><td class=\"has-text-align-left\" data-align=\"left\"><strong>THE WHITE VEIL<\/strong><br>Feature film (English) <br>Plus One Productions<\/td><td class=\"has-text-align-left\" data-align=\"left\">Mary Fitz-James<\/td><td class=\"has-text-align-left\" data-align=\"left\">Simon Verhoeven  <\/td><\/tr><tr><td class=\"has-text-align-left\" data-align=\"left\">2019<\/td><td class=\"has-text-align-left\" data-align=\"left\"><strong>ATMEN<\/strong><br>Shortfilm for SMS2019<\/td><td class=\"has-text-align-left\" data-align=\"left\">Diana<\/td><td class=\"has-text-align-left\" data-align=\"left\">Deena Unverzagt<\/td><\/tr><tr><td class=\"has-text-align-left\" data-align=\"left\">2018<\/td><td class=\"has-text-align-left\" data-align=\"left\"><strong>PIZZA PLUS<\/strong><br>Shortfilm (German)<br>Buchst\u00fcbchen Medienproduktion <\/td><td class=\"has-text-align-left\" data-align=\"left\">Nathalie<\/td><td class=\"has-text-align-left\" data-align=\"left\">Mark Wagener<\/td><\/tr><tr><td class=\"has-text-align-left\" data-align=\"left\">2017-2018  <\/td><td class=\"has-text-align-left\" data-align=\"left\"><strong>SOKO HAMBURG<\/strong><br>TV series (German) <br>Network Movie | ZDF <\/td><td class=\"has-text-align-left\" data-align=\"left\">Polizistin  <\/td><td class=\"has-text-align-left\" data-align=\"left\">Mirko Zeischner<\/td><\/tr><tr><td class=\"has-text-align-left\" data-align=\"left\">2017<\/td><td class=\"has-text-align-left\" data-align=\"left\"><strong>TIAN- DAS GEHEIMNIS DER SCHMUCKSTRA\u00dfE<\/strong><br>Feature film (German)<br>Fiction 2.0 | NDR<\/td><td class=\"has-text-align-left\" data-align=\"left\">Mutter <\/td><td class=\"has-text-align-left\" data-align=\"left\">Damian Schipporeit<\/td><\/tr><tr><td class=\"has-text-align-left\" data-align=\"left\">2017<\/td><td class=\"has-text-align-left\" data-align=\"left\"><strong>DIE PFEFFERK\u00d6RNER- N\u00c4CHSTES LEVEL<\/strong><br>TV series (German)<br>Letterbox Filmproduktion GmbH  KiKa <\/td><td class=\"has-text-align-left\" data-align=\"left\">Polizistin       <\/td><td class=\"has-text-align-left\" data-align=\"left\">Florian Schnell<\/td><\/tr><tr><td class=\"has-text-align-left\" data-align=\"left\">2017<\/td><td class=\"has-text-align-left\" data-align=\"left\"><strong>MELANCHOLIC<\/strong><br>Shortfilm (German)<br>Hamburg Media School<\/td><td class=\"has-text-align-left\" data-align=\"left\">Zoe<\/td><td class=\"has-text-align-left\" data-align=\"left\">Diverse<\/td><\/tr><tr><td class=\"has-text-align-left\" data-align=\"left\">2017<\/td><td class=\"has-text-align-left\" data-align=\"left\"><strong>NORD NORD MORD- <\/strong><strong>CL\u00dcVER UND DIE T\u00d6DLICHE AFF\u00c4RE<\/strong><br>TV movie (German)<br>ZDF | Network Movie<\/td><td class=\"has-text-align-left\" data-align=\"left\">Wachmeisterin Christiansen<\/td><td class=\"has-text-align-left\" data-align=\"left\">Christian Theede<\/td><\/tr><tr><td class=\"has-text-align-left\" data-align=\"left\">2016<\/td><td class=\"has-text-align-left\" data-align=\"left\"><strong>BIVALENT<\/strong><br>Shortfilm (German)<br>Deep Plunge Productions Buchst\u00fcbchen Medienproduktion<\/td><td class=\"has-text-align-left\" data-align=\"left\">Julia<\/td><td class=\"has-text-align-left\" data-align=\"left\">Mark Wagener<\/td><\/tr><tr><td class=\"has-text-align-left\" data-align=\"left\">2016<\/td><td class=\"has-text-align-left\" data-align=\"left\"><strong>NORD NORD MORD &#8211; <\/strong><strong>CL\u00dcVER UND DIE WILDE NACHT<\/strong><br>TV movie (German)<br>ZDF | Network Movie <\/td><td class=\"has-text-align-left\" data-align=\"left\">Wachmeisterin Christiansen<\/td><td class=\"has-text-align-left\" data-align=\"left\">Anno Saul<\/td><\/tr><tr><td class=\"has-text-align-left\" data-align=\"left\">2016<\/td><td class=\"has-text-align-left\" data-align=\"left\"><strong>DIE PFEFFERK\u00d6RNER &#8211;<br>DER R\u00c4TSELHAFTE KLEIDERRAUB<\/strong><br>TV series (German)<br>Letterbox Filmproduktion GmbH KiKa <\/td><td class=\"has-text-align-left\" data-align=\"left\">Nachbarin<\/td><td class=\"has-text-align-left\" data-align=\"left\">Andrea Katzenberger   <\/td><\/tr><tr><td class=\"has-text-align-left\" data-align=\"left\">2016<\/td><td class=\"has-text-align-left\" data-align=\"left\"><strong>CORRELATION GAME<\/strong><br>Shortfilm (English)<br>Buchst\u00fcbchen Medienproduktion <\/td><td class=\"has-text-align-left\" data-align=\"left\">Emily<\/td><td class=\"has-text-align-left\" data-align=\"left\">Mark Wagener<\/td><\/tr><tr><td class=\"has-text-align-left\" data-align=\"left\">2015<\/td><td class=\"has-text-align-left\" data-align=\"left\"><strong>ICH <\/strong><br>Shortfilm (German)<br>IFS K\u00f6ln<\/td><td class=\"has-text-align-left\" data-align=\"left\">Anna Liemer<\/td><td class=\"has-text-align-left\" data-align=\"left\">Samuel Pleitner<\/td><\/tr><tr><td class=\"has-text-align-left\" data-align=\"left\">2015<\/td><td class=\"has-text-align-left\" data-align=\"left\"><strong>DU BIST NICHT ALLEIN<\/strong><br>Shortfilm<\/td><td class=\"has-text-align-left\" data-align=\"left\">Jacky<\/td><td class=\"has-text-align-left\" data-align=\"left\">Niels Marquardt<\/td><\/tr><tr><td class=\"has-text-align-left\" data-align=\"left\">2014<\/td><td class=\"has-text-align-left\" data-align=\"left\"><strong>MARA UND DER FEUERBRINGHER<\/strong> <br>Feature film (German)<br>Constantin Entertainment <\/td><td class=\"has-text-align-left\" data-align=\"left\">Marktfrau<\/td><td class=\"has-text-align-left\" data-align=\"left\">Tommy Krappweis<\/td><\/tr><\/tbody><\/table><\/figure>\n<\/div><\/div>\n<\/div>\n<\/div>\n<\/div><\/div>\n<\/div>\n<\/div>\n\n\n\n<p><\/p>\n","protected":false},"excerpt":{"rendered":"<p>YEAR PRODUCTION ROLE DIRECTOR 2025 DARK DILEMMAShort Film (Animated) Die Frau Christian Fernandez Larrere 2024 GAME OF DEATH &#8211; THE&hellip;<\/p>\n","protected":false},"author":1,"featured_media":0,"parent":155,"menu_order":0,"comment_status":"closed","ping_status":"closed","template":"","meta":[],"_links":{"self":[{"href":"https:\/\/deena-unverzagt.de\/index.php?rest_route=\/wp\/v2\/pages\/164"}],"collection":[{"href":"https:\/\/deena-unverzagt.de\/index.php?rest_route=\/wp\/v2\/pages"}],"about":[{"href":"https:\/\/deena-unverzagt.de\/index.php?rest_route=\/wp\/v2\/types\/page"}],"author":[{"embeddable":true,"href":"https:\/\/deena-unverzagt.de\/index.php?rest_route=\/wp\/v2\/users\/1"}],"replies":[{"embeddable":true,"href":"https:\/\/deena-unverzagt.de\/index.php?rest_route=%2Fwp%2Fv2%2Fcomments&post=164"}],"version-history":[{"count":54,"href":"https:\/\/deena-unverzagt.de\/index.php?rest_route=\/wp\/v2\/pages\/164\/revisions"}],"predecessor-version":[{"id":535,"href":"https:\/\/deena-unverzagt.de\/index.php?rest_route=\/wp\/v2\/pages\/164\/revisions\/535"}],"up":[{"embeddable":true,"href":"https:\/\/deena-unverzagt.de\/index.php?rest_route=\/wp\/v2\/pages\/155"}],"wp:attachment":[{"href":"https:\/\/deena-unverzagt.de\/index.php?rest_route=%2Fwp%2Fv2%2Fmedia&parent=164"}],"curies":[{"name":"wp","href":"https:\/\/api.w.org\/{rel}","templated":true}]}}