{"id":6,"date":"2021-01-18T13:54:30","date_gmt":"2021-01-18T13:54:30","guid":{"rendered":"https:\/\/deena-unverzagt.de\/?page_id=6"},"modified":"2025-08-29T14:17:28","modified_gmt":"2025-08-29T14:17:28","slug":"ueber-uns","status":"publish","type":"page","link":"https:\/\/deena-unverzagt.de\/?page_id=6","title":{"rendered":"ABOUT DEENA"},"content":{"rendered":"\n<div class=\"is-layout-flex wp-container-8 wp-block-columns alignfull are-vertically-aligned-bottom\">\n<div class=\"is-layout-flow wp-block-column is-vertically-aligned-bottom\" style=\"flex-basis:100%\">\n<div class=\"is-layout-flex wp-container-5 wp-block-columns\">\n<div class=\"is-layout-flow wp-block-column\"><div class=\"wp-block-image\">\n<figure class=\"aligncenter size-large is-resized\"><img decoding=\"async\" loading=\"lazy\" src=\"https:\/\/deena-unverzagt.de\/wp-content\/uploads\/2021\/01\/Deena-Unverzagt-Headshot_2021-683x1024.jpg\" alt=\"\" class=\"wp-image-47\" width=\"285\" height=\"428\" srcset=\"https:\/\/deena-unverzagt.de\/wp-content\/uploads\/2021\/01\/Deena-Unverzagt-Headshot_2021-683x1024.jpg 683w, https:\/\/deena-unverzagt.de\/wp-content\/uploads\/2021\/01\/Deena-Unverzagt-Headshot_2021-200x300.jpg 200w, https:\/\/deena-unverzagt.de\/wp-content\/uploads\/2021\/01\/Deena-Unverzagt-Headshot_2021-768x1152.jpg 768w, https:\/\/deena-unverzagt.de\/wp-content\/uploads\/2021\/01\/Deena-Unverzagt-Headshot_2021-1024x1536.jpg 1024w, https:\/\/deena-unverzagt.de\/wp-content\/uploads\/2021\/01\/Deena-Unverzagt-Headshot_2021-1366x2048.jpg 1366w, https:\/\/deena-unverzagt.de\/wp-content\/uploads\/2021\/01\/Deena-Unverzagt-Headshot_2021-1568x2352.jpg 1568w, https:\/\/deena-unverzagt.de\/wp-content\/uploads\/2021\/01\/Deena-Unverzagt-Headshot_2021.jpg 1689w\" sizes=\"(max-width: 285px) 100vw, 285px\" \/><figcaption class=\"wp-element-caption\">\u00a9 Alex Bach<\/figcaption><\/figure><\/div>\n\n\n<p><\/p>\n<\/div>\n\n\n\n<div class=\"is-layout-flow wp-block-column\">\n<p class=\"has-text-align-left\">Deena wurde 1987 geboren und wuchs in Braunschweig auf. Durch ihre Familie und den Besuch eines zweisprachigen Gymnasiums spricht sie Englisch als zweite Muttersprache und ist auch regelm\u00e4\u00dfig in englisch-sprachigen Produktionen zu sehen. Au\u00dferdem arbeitet Deena regelm\u00e4\u00dfig als Sprecherin. Sie hat eine Gesangsausbildung und liebt es auf der B\u00fchne zu stehen.<\/p>\n\n\n\n<p>Deena&#8217;s Entschluss Schauspielerin zu werden stand schon im zarten Alter von 6 Jahren<br>fest. Zun\u00e4chst auf der Theaterb\u00fchne zu Hause, liegt ihr Fokus nun auf TV und<br>Kino. Privat spielt Deena gerne Gitarre und macht viel Sport und Yoga.<\/p>\n<\/div>\n\n\n\n<div class=\"is-layout-flow wp-block-column\">\n<p class=\"has-text-align-left\">Deena was born in 1987 and grew up in the town of Braunschweig. Due to her bilingual upbringing and schooling, she speaks English as a native language and therefore can be seen in a lot of english-speaking productions. Deena also works frequently as a voice actor. She has a professionally trained singing voice and loves to be on stage.<\/p>\n\n\n\n<p><\/p>\n\n\n\n<div class=\"is-layout-flow wp-block-group alignwide\"><div class=\"wp-block-group__inner-container\">\n<p><br>Deena&#8217;s decision to become an actress was made at the tender age of six. Starting out on stage originally, her career focus is now on TV and film. In her downtime, Deena enjoys playing the guitar and doing various sports and yoga.<\/p>\n<\/div><\/div>\n<\/div>\n\n\n\n<p>\/<\/p>\n<\/div>\n\n\n\n<div class=\"is-layout-flow wp-block-column\"><\/div>\n<\/div>\n<\/div>\n\n\n<p><!-- \/wp:columns --><\/p>\n<p><!-- wp:table {\"align\":\"wide\"} --><\/p>\n<figure class=\"wp-block-table alignwide\">\n<table style=\"height: 438px;\" width=\"977\">\n<tbody>\n<tr>\n<td><strong>YEAR<\/strong><\/td>\n<td><strong> TRAINING <\/strong><\/td>\n<\/tr>\n<tr>\n<td><strong>2017<\/strong><\/td>\n<td>Anthony Meindl Actors Workshop London<\/td>\n<\/tr>\n<tr>\n<td><strong>2016<\/strong><\/td>\n<td>Workshop &#8222;Studiosprechen und Synchron&#8220; bei Toneworx Hamburg<\/td>\n<\/tr>\n<tr>\n<td><strong>2015<\/strong><\/td>\n<td>Masterclass Auditioning bei Jeremy Zimmerman, London<\/td>\n<\/tr>\n<tr>\n<td><strong>2015<\/strong><\/td>\n<td>Masterclass acting bei Nancy Bishop C.S.A<\/td>\n<\/tr>\n<tr>\n<td><strong>2014-2015 <\/strong><\/td>\n<td>1 J\u00e4hrige Masterclass Acting und Trainerausbildung in der P.E.M. | P.E.M Center in Hamburg und London bei Stephan Perdekamp, Sarah Victoria<\/td>\n<\/tr>\n<tr>\n<td><strong>2007-2010<\/strong><\/td>\n<td>Studium Schauspiel und Musiktheater\/ Musical (GMA\/ Hochschule Osnabr\u00fcck) , u. A. bei Werner Pohl, Matthias Simon, Judith Behrends<\/td>\n<\/tr>\n<tr>\n<td><strong>Seit 1999<\/strong><\/td>\n<td>Gesangsausbildung u.A. Andreas Talarowski (Berlin), Sonja Pallasch (Staatstheater Braunschweig), Ulrich Kratz (Staatstheater L\u00fcneburg, Hochschule f\u00fcr Musik Hannover)<\/td>\n<\/tr>\n<tr>\n<td><strong>Seit 1998<\/strong><\/td>\n<td>Tanzausbildung (Modern, Ballett, Jazz) bei diversen Lehrern u.A. Erika Stahnke (Ballettstudio am Theater) Sylvia Heyden (T.A.N.Z Braunschweig) und an der GMA<\/td>\n<\/tr>\n<\/tbody>\n<\/table>\n<\/figure>\n<p><!-- \/wp:table --><\/p>\n<p><!-- wp:paragraph --><\/p>\n<p><!-- \/wp:paragraph --><\/p>","protected":false},"excerpt":{"rendered":"<p>Deena wurde 1987 geboren und wuchs in Braunschweig auf. Durch ihre Familie und den Besuch eines zweisprachigen Gymnasiums spricht sie&hellip;<\/p>\n","protected":false},"author":1,"featured_media":0,"parent":0,"menu_order":0,"comment_status":"closed","ping_status":"closed","template":"","meta":[],"_links":{"self":[{"href":"https:\/\/deena-unverzagt.de\/index.php?rest_route=\/wp\/v2\/pages\/6"}],"collection":[{"href":"https:\/\/deena-unverzagt.de\/index.php?rest_route=\/wp\/v2\/pages"}],"about":[{"href":"https:\/\/deena-unverzagt.de\/index.php?rest_route=\/wp\/v2\/types\/page"}],"author":[{"embeddable":true,"href":"https:\/\/deena-unverzagt.de\/index.php?rest_route=\/wp\/v2\/users\/1"}],"replies":[{"embeddable":true,"href":"https:\/\/deena-unverzagt.de\/index.php?rest_route=%2Fwp%2Fv2%2Fcomments&post=6"}],"version-history":[{"count":30,"href":"https:\/\/deena-unverzagt.de\/index.php?rest_route=\/wp\/v2\/pages\/6\/revisions"}],"predecessor-version":[{"id":527,"href":"https:\/\/deena-unverzagt.de\/index.php?rest_route=\/wp\/v2\/pages\/6\/revisions\/527"}],"wp:attachment":[{"href":"https:\/\/deena-unverzagt.de\/index.php?rest_route=%2Fwp%2Fv2%2Fmedia&parent=6"}],"curies":[{"name":"wp","href":"https:\/\/api.w.org\/{rel}","templated":true}]}}